{"id":29983,"date":"2021-07-04T12:30:53","date_gmt":"2021-07-04T12:30:53","guid":{"rendered":"https:\/\/app.traveldataservice.com\/imprint"},"modified":"2021-07-04T12:30:53","modified_gmt":"2021-07-04T12:30:53","slug":"imprint","status":"publish","type":"page","link":"https:\/\/app.traveldataservice.com\/el\/imprint","title":{"rendered":"Imprint"},"content":{"rendered":"<p><strong>Imprint: TDS Travel &amp; Data Service GmbH<\/strong><br \/>\nSitz: M\u00fcnchen, HRB 79858<\/p>\n<p>Gesch\u00e4ftsanschrift: M\u00fcllerstr. 47, D-80469 M\u00fcnchen<\/p>\n<p>Gesch\u00e4ftsf\u00fchrer: Jean Arampatsis<br \/>\nSteuer-Nr. 143\/185\/00518<br \/>\nUmsatzsteuer ID 129475583<br \/>\nTel: +49 89 260 94 18 Fax: +49 89 26 93 63<\/p>\n<p>info@traveldataservice.com<\/p>\n<p><strong>Disclaimer<\/strong><br \/>\nDespite careful examination, we can not assume any liability for the content of external links. The content of these pages are the sole responsibility of their operators.<\/p>\n<p><strong>Online Dispute Resolution (OS-Plattform)<\/strong><\/p>\n<p>According to the European ODR Regulation (Regulation on extrajudicial online consumer dispute resolution) are entrepreneurs who sell to consumers from 01.09.2016 obliged a link to the appropriate platform on your page (separate from the headings Conditions and Contacts) to place.<\/p>\n<p>The European Commission according to Art. 14 para. 1 ODR VO a platform for online dispute resolution (OS) ready, which can be found under\u00a0<a href=\"http:\/\/ec.europa.eu\/consumers\/odr\/\">http:\/\/ec.europa.eu\/consumers\/odr\/<\/a><\/p>\n<p><strong>Images in this website<\/strong><\/p>\n<h3 class=\"hero-header__subtitle\">All photos on Pexels are free for any personal and commercial purpose.<\/h3>\n<p class=\"text-page__margin-top\">It\u2019s hard to understand complex licenses that is why all photos on Pexels are licensed under the\u00a0<strong>Creative Commons Zero (CC0) license<\/strong>. This means the pictures are completely free to be used\u00a0<strong>for any legal purpose<\/strong>.<\/p>\n<ul>\n<li>The pictures are\u00a0<strong>free for personal and even for commercial use<\/strong>.<\/li>\n<li>You can modify, copy and distribute the photos.<\/li>\n<li>All without asking for permission or setting a link to the source. So,\u00a0<strong>attribution is not required<\/strong>.<\/li>\n<\/ul>\n<p>The only restriction is that identifiable people may not appear in a bad light or in a way that they may find offensive, unless they give their consent. You should also make sure the depicted content (people, logos, private property, etc.) is suitable for your application and doesn\u2019t infringe any rights.<\/p>\n<p>The CC0 license was released by the non-profit organization Creative Commons (CC). Get more information about Creative Commons images and the license on the\u00a0<a href=\"https:\/\/creativecommons.org\/publicdomain\/zero\/1.0\/\" target=\"_blank\" rel=\"nofollow noopener\">official license page<\/a>.<\/p>\n","protected":false},"excerpt":{"rendered":"<p>Imprint: TDS Travel &amp; Data Service GmbH Sitz: M\u00fcnchen, HRB 79858 Gesch\u00e4ftsanschrift: M\u00fcllerstr. 47, D-80469 M\u00fcnchen Gesch\u00e4ftsf\u00fchrer: Jean Arampatsis Steuer-Nr. 143\/185\/00518 Umsatzsteuer ID 129475583 Tel: +49 89 260 94 18 Fax: +49 89 26 93 63 info@traveldataservice.com Disclaimer Despite careful examination, we can not assume any liability for the content of external links. The content [&hellip;]<\/p>\n","protected":false},"author":1,"featured_media":0,"parent":0,"menu_order":0,"comment_status":"closed","ping_status":"closed","template":"","meta":{"_et_pb_use_builder":"","_et_pb_old_content":"","_et_gb_content_width":"","footnotes":""},"class_list":["post-29983","page","type-page","status-publish","hentry"],"_links":{"self":[{"href":"https:\/\/app.traveldataservice.com\/el\/wp-json\/wp\/v2\/pages\/29983","targetHints":{"allow":["GET"]}}],"collection":[{"href":"https:\/\/app.traveldataservice.com\/el\/wp-json\/wp\/v2\/pages"}],"about":[{"href":"https:\/\/app.traveldataservice.com\/el\/wp-json\/wp\/v2\/types\/page"}],"author":[{"embeddable":true,"href":"https:\/\/app.traveldataservice.com\/el\/wp-json\/wp\/v2\/users\/1"}],"replies":[{"embeddable":true,"href":"https:\/\/app.traveldataservice.com\/el\/wp-json\/wp\/v2\/comments?post=29983"}],"version-history":[{"count":0,"href":"https:\/\/app.traveldataservice.com\/el\/wp-json\/wp\/v2\/pages\/29983\/revisions"}],"wp:attachment":[{"href":"https:\/\/app.traveldataservice.com\/el\/wp-json\/wp\/v2\/media?parent=29983"}],"curies":[{"name":"wp","href":"https:\/\/api.w.org\/{rel}","templated":true}]}}